{"id":817,"date":"2016-09-12T14:43:26","date_gmt":"2016-09-12T14:43:26","guid":{"rendered":"https:\/\/sebestyen-szekszard.hu\/proba2\/?post_type=product&#038;p=817"},"modified":"2022-05-04T17:19:51","modified_gmt":"2022-05-04T17:19:51","slug":"gorogszoi-bikaver-2017","status":"publish","type":"product","link":"https:\/\/sebestyen-szekszard.hu\/proba2\/termek\/gorogszoi-bikaver-2017\/","title":{"rendered":"G\u00f6r\u00f6gsz\u00f3i Bikav\u00e9r"},"content":{"rendered":"","protected":false},"excerpt":{"rendered":"<p>Az ut\u00f3bbi \u00e9vek munk\u00e1ja arr\u00f3l sz\u00f3lt, hogy a sz\u00e1munkra legk\u00edv\u00e1l\u00f3bb adotts\u00e1g\u00fa d\u0171l\u0151inkben kialak\u00edtsuk a Bikav\u00e9r k\u00e9sz\u00edt\u00e9s\u00e9hez sz\u00fcks\u00e9ges fajta\u00f6sszet\u00e9telt. A G\u00f6r\u00f6gsz\u00f3i ter\u00fcleteinken a sz\u0151l\u0151t\u0151k\u00e9k l\u00f6sz\u00f6s-v\u00f6r\u00f6sagyagos, keleti fekv\u00e9s\u0171 teraszokon n\u0151nek. Az innen sz\u00e1rmaz\u00f3 borok teltek, mark\u00e1ns savakkal, hossz\u00fa \u00e9rlel\u00e9si potenci\u00e1llal.<\/p>\n<div style=\"height: -10px; clear: both;\"><\/div>\n<p><a style=\"color: grey;\" href=\"https:\/\/sebestyen-szekszard.hu\/proba2\/wp-content\/uploads\/2020\/05\/Sebestye\u0301n_borlap_go\u0308ro\u0308g_bika_2017hu.pdf\" target=\"_blank\" rel=\"noopener noreferrer\"><em><u>PDF adatlap<\/u><\/em><\/a><\/p>\n","protected":false},"featured_media":849,"comment_status":"open","ping_status":"closed","template":"","meta":{"_et_pb_use_builder":"","_et_pb_old_content":"","_et_gb_content_width":""},"product_cat":[11],"product_tag":[],"_links":{"self":[{"href":"https:\/\/sebestyen-szekszard.hu\/proba2\/wp-json\/wp\/v2\/product\/817"}],"collection":[{"href":"https:\/\/sebestyen-szekszard.hu\/proba2\/wp-json\/wp\/v2\/product"}],"about":[{"href":"https:\/\/sebestyen-szekszard.hu\/proba2\/wp-json\/wp\/v2\/types\/product"}],"replies":[{"embeddable":true,"href":"https:\/\/sebestyen-szekszard.hu\/proba2\/wp-json\/wp\/v2\/comments?post=817"}],"wp:featuredmedia":[{"embeddable":true,"href":"https:\/\/sebestyen-szekszard.hu\/proba2\/wp-json\/wp\/v2\/media\/849"}],"wp:attachment":[{"href":"https:\/\/sebestyen-szekszard.hu\/proba2\/wp-json\/wp\/v2\/media?parent=817"}],"wp:term":[{"taxonomy":"product_cat","embeddable":true,"href":"https:\/\/sebestyen-szekszard.hu\/proba2\/wp-json\/wp\/v2\/product_cat?post=817"},{"taxonomy":"product_tag","embeddable":true,"href":"https:\/\/sebestyen-szekszard.hu\/proba2\/wp-json\/wp\/v2\/product_tag?post=817"}],"curies":[{"name":"wp","href":"https:\/\/api.w.org\/{rel}","templated":true}]}}