{"id":559,"date":"2016-09-15T01:34:41","date_gmt":"2016-09-15T01:34:41","guid":{"rendered":"https:\/\/sebestyen-szekszard.hu\/proba2\/termek\/porkolab-volgyi-franc-2015\/"},"modified":"2022-05-04T17:25:56","modified_gmt":"2022-05-04T17:25:56","slug":"porkolab-volgyi-franc-2015","status":"publish","type":"product","link":"https:\/\/sebestyen-szekszard.hu\/proba2\/termek\/porkolab-volgyi-franc-2015\/","title":{"rendered":"Porkol\u00e1b-v\u00f6lgyi Franc"},"content":{"rendered":"","protected":false},"excerpt":{"rendered":"<p>Porkol\u00e1b-v\u00f6lgyben azt szeretem, hogy a v\u00f6r\u00f6s agyagos talaj a borainkat finom miner\u00e1lis jegyekkel gazdag\u00edtja. Az innen sz\u00e1rmaz\u00f3 borok n\u0151ies kereks\u00e9g\u00fckkel \u00e9s hosszan tart\u00f3 finesz\u00fckkel egy igaz\u00e1n eleg\u00e1ns arcukat mutatj\u00e1k meg a fajt\u00e1knak.<\/p>\n<div style=\"height: 20px;\"><\/div>\n<p><a style=\"color: grey;\" href=\"https:\/\/sebestyen-szekszard.hu\/proba2\/wp-content\/uploads\/2016\/09\/Sebestye\u0301n_borlap_porkolab_franc_2017hu.pdf\" target=\"_blank\" rel=\"noopener noreferrer\"><em><u>PDF adatlap<\/u><\/em><\/a><\/p>\n","protected":false},"featured_media":563,"comment_status":"open","ping_status":"closed","template":"","meta":{"_et_pb_use_builder":"","_et_pb_old_content":"","_et_gb_content_width":""},"product_cat":[11],"product_tag":[],"_links":{"self":[{"href":"https:\/\/sebestyen-szekszard.hu\/proba2\/wp-json\/wp\/v2\/product\/559"}],"collection":[{"href":"https:\/\/sebestyen-szekszard.hu\/proba2\/wp-json\/wp\/v2\/product"}],"about":[{"href":"https:\/\/sebestyen-szekszard.hu\/proba2\/wp-json\/wp\/v2\/types\/product"}],"replies":[{"embeddable":true,"href":"https:\/\/sebestyen-szekszard.hu\/proba2\/wp-json\/wp\/v2\/comments?post=559"}],"wp:featuredmedia":[{"embeddable":true,"href":"https:\/\/sebestyen-szekszard.hu\/proba2\/wp-json\/wp\/v2\/media\/563"}],"wp:attachment":[{"href":"https:\/\/sebestyen-szekszard.hu\/proba2\/wp-json\/wp\/v2\/media?parent=559"}],"wp:term":[{"taxonomy":"product_cat","embeddable":true,"href":"https:\/\/sebestyen-szekszard.hu\/proba2\/wp-json\/wp\/v2\/product_cat?post=559"},{"taxonomy":"product_tag","embeddable":true,"href":"https:\/\/sebestyen-szekszard.hu\/proba2\/wp-json\/wp\/v2\/product_tag?post=559"}],"curies":[{"name":"wp","href":"https:\/\/api.w.org\/{rel}","templated":true}]}}