{"id":302,"date":"2016-09-16T18:26:14","date_gmt":"2016-09-16T18:26:14","guid":{"rendered":"https:\/\/sebestyen-szekszard.hu\/proba2\/?post_type=product&#038;p=302"},"modified":"2022-05-05T06:29:38","modified_gmt":"2022-05-05T06:29:38","slug":"indigo-2016","status":"publish","type":"product","link":"https:\/\/sebestyen-szekszard.hu\/proba2\/termek\/indigo-2016\/","title":{"rendered":"Indig\u00f3"},"content":{"rendered":"","protected":false},"excerpt":{"rendered":"<p>Intenz\u00edv tinta sz\u00edn\u0171 \u00e9lettel teli bor. Sok-sok eredi gy\u00fcm\u00f6lccsel \u00e9s ropog\u00f3s savakkal. J\u00f3l leh\u0171tve egy igazi gumibogy\u00f3l\u00e9!<\/p>\n<div style=\"height: 70px; clear: both;\"><\/div>\n<p><a style=\"color: grey;\" href=\"https:\/\/sebestyen-szekszard.hu\/proba2\/wp-content\/uploads\/2017\/06\/indigo_hun_2021.pdf\" target=\"_blank\" rel=\"noopener noreferrer\"><u>PDF adatlap<\/u><\/a><\/p>\n","protected":false},"featured_media":851,"comment_status":"open","ping_status":"closed","template":"","meta":{"_et_pb_use_builder":"","_et_pb_old_content":"","_et_gb_content_width":""},"product_cat":[11],"product_tag":[],"_links":{"self":[{"href":"https:\/\/sebestyen-szekszard.hu\/proba2\/wp-json\/wp\/v2\/product\/302"}],"collection":[{"href":"https:\/\/sebestyen-szekszard.hu\/proba2\/wp-json\/wp\/v2\/product"}],"about":[{"href":"https:\/\/sebestyen-szekszard.hu\/proba2\/wp-json\/wp\/v2\/types\/product"}],"replies":[{"embeddable":true,"href":"https:\/\/sebestyen-szekszard.hu\/proba2\/wp-json\/wp\/v2\/comments?post=302"}],"wp:featuredmedia":[{"embeddable":true,"href":"https:\/\/sebestyen-szekszard.hu\/proba2\/wp-json\/wp\/v2\/media\/851"}],"wp:attachment":[{"href":"https:\/\/sebestyen-szekszard.hu\/proba2\/wp-json\/wp\/v2\/media?parent=302"}],"wp:term":[{"taxonomy":"product_cat","embeddable":true,"href":"https:\/\/sebestyen-szekszard.hu\/proba2\/wp-json\/wp\/v2\/product_cat?post=302"},{"taxonomy":"product_tag","embeddable":true,"href":"https:\/\/sebestyen-szekszard.hu\/proba2\/wp-json\/wp\/v2\/product_tag?post=302"}],"curies":[{"name":"wp","href":"https:\/\/api.w.org\/{rel}","templated":true}]}}