{"id":299,"date":"2016-09-16T16:23:18","date_gmt":"2016-09-16T16:23:18","guid":{"rendered":"https:\/\/sebestyen-szekszard.hu\/proba2\/?post_type=product&#038;p=299"},"modified":"2022-05-04T17:17:01","modified_gmt":"2022-05-04T17:17:01","slug":"bikaver-2015","status":"publish","type":"product","link":"https:\/\/sebestyen-szekszard.hu\/proba2\/termek\/bikaver-2015\/","title":{"rendered":"Bikav\u00e9r"},"content":{"rendered":"","protected":false},"excerpt":{"rendered":"<p>A bikav\u00e9r borvid\u00e9k\u00fcnk tradicion\u00e1lis h\u00e1zas\u00edt\u00e1sa nemzetk\u00f6zi \u00e9s helyi sz\u0151l\u0151fajt\u00e1kb\u00f3l, ett\u0151l v\u00e1lik igaz\u00e1n egyediv\u00e9. K\u00fcl\u00f6n\u00f6s gondoss\u00e1ggal v\u00e1logatjuk hozz\u00e1 a borainkat Szeksz\u00e1rd v\u00f6lgyeib\u0151l. \u00cdzgazdag, tele erdei gy\u00fcm\u00f6lcs\u00f6kkel \u00e9s selymes text\u00far\u00e1val.<\/p>\n<div style=\"height: 40px;\"><\/div>\n<p><a style=\"color: grey;\" href=\"https:\/\/sebestyen-szekszard.hu\/proba2\/wp-content\/uploads\/2021\/03\/Sebestye\u0301n_borlap_Bikaver_2018.pdf\" target=\"_blank\" rel=\"noopener noreferrer\"><em><u>PDF adatlap<\/u><\/em><\/a><\/p>\n","protected":false},"featured_media":850,"comment_status":"open","ping_status":"closed","template":"","meta":{"_et_pb_use_builder":"","_et_pb_old_content":"","_et_gb_content_width":""},"product_cat":[11],"product_tag":[],"_links":{"self":[{"href":"https:\/\/sebestyen-szekszard.hu\/proba2\/wp-json\/wp\/v2\/product\/299"}],"collection":[{"href":"https:\/\/sebestyen-szekszard.hu\/proba2\/wp-json\/wp\/v2\/product"}],"about":[{"href":"https:\/\/sebestyen-szekszard.hu\/proba2\/wp-json\/wp\/v2\/types\/product"}],"replies":[{"embeddable":true,"href":"https:\/\/sebestyen-szekszard.hu\/proba2\/wp-json\/wp\/v2\/comments?post=299"}],"wp:featuredmedia":[{"embeddable":true,"href":"https:\/\/sebestyen-szekszard.hu\/proba2\/wp-json\/wp\/v2\/media\/850"}],"wp:attachment":[{"href":"https:\/\/sebestyen-szekszard.hu\/proba2\/wp-json\/wp\/v2\/media?parent=299"}],"wp:term":[{"taxonomy":"product_cat","embeddable":true,"href":"https:\/\/sebestyen-szekszard.hu\/proba2\/wp-json\/wp\/v2\/product_cat?post=299"},{"taxonomy":"product_tag","embeddable":true,"href":"https:\/\/sebestyen-szekszard.hu\/proba2\/wp-json\/wp\/v2\/product_tag?post=299"}],"curies":[{"name":"wp","href":"https:\/\/api.w.org\/{rel}","templated":true}]}}