{"id":293,"date":"2016-09-17T15:12:18","date_gmt":"2016-09-17T15:12:18","guid":{"rendered":"https:\/\/sebestyen-szekszard.hu\/proba2\/?post_type=product&#038;p=293"},"modified":"2022-05-04T17:28:04","modified_gmt":"2022-05-04T17:28:04","slug":"rose-2015","status":"publish","type":"product","link":"https:\/\/sebestyen-szekszard.hu\/proba2\/termek\/rose-2015\/","title":{"rendered":"Ros\u00e9"},"content":{"rendered":"","protected":false},"excerpt":{"rendered":"<p>A friss szam\u00f3c\u00e1s, \u0151szibarackos \u00edzeket apr\u00f3 bubor\u00e9kokkal tett\u00fck m\u00e9g \u00fcd\u00edt\u0151bb\u00e9. Szipork\u00e1z\u00f3 savaival zamatbombak\u00e9nt robban a sz\u00e1jban. K\u00f6nny\u0171, finom ros\u00e9.<\/p>\n<div style=\"height: 40px;\"><\/div>\n<p><a style=\"color: grey;\" href=\"https:\/\/sebestyen-szekszard.hu\/proba2\/wp-content\/uploads\/2016\/09\/Sebestye\u0301n_borlap_rose_2021.pdf\" target=\"_blank\" rel=\"noopener noreferrer\"><em><u>PDF adatlap<\/u><\/em><\/a><\/p>\n","protected":false},"featured_media":853,"comment_status":"open","ping_status":"closed","template":"","meta":{"_et_pb_use_builder":"","_et_pb_old_content":"","_et_gb_content_width":""},"product_cat":[11],"product_tag":[],"_links":{"self":[{"href":"https:\/\/sebestyen-szekszard.hu\/proba2\/wp-json\/wp\/v2\/product\/293"}],"collection":[{"href":"https:\/\/sebestyen-szekszard.hu\/proba2\/wp-json\/wp\/v2\/product"}],"about":[{"href":"https:\/\/sebestyen-szekszard.hu\/proba2\/wp-json\/wp\/v2\/types\/product"}],"replies":[{"embeddable":true,"href":"https:\/\/sebestyen-szekszard.hu\/proba2\/wp-json\/wp\/v2\/comments?post=293"}],"wp:featuredmedia":[{"embeddable":true,"href":"https:\/\/sebestyen-szekszard.hu\/proba2\/wp-json\/wp\/v2\/media\/853"}],"wp:attachment":[{"href":"https:\/\/sebestyen-szekszard.hu\/proba2\/wp-json\/wp\/v2\/media?parent=293"}],"wp:term":[{"taxonomy":"product_cat","embeddable":true,"href":"https:\/\/sebestyen-szekszard.hu\/proba2\/wp-json\/wp\/v2\/product_cat?post=293"},{"taxonomy":"product_tag","embeddable":true,"href":"https:\/\/sebestyen-szekszard.hu\/proba2\/wp-json\/wp\/v2\/product_tag?post=293"}],"curies":[{"name":"wp","href":"https:\/\/api.w.org\/{rel}","templated":true}]}}