{"id":289,"date":"2016-09-14T15:00:56","date_gmt":"2016-09-14T15:00:56","guid":{"rendered":"https:\/\/sebestyen-szekszard.hu\/proba2\/?post_type=product&#038;p=289"},"modified":"2022-05-04T17:25:27","modified_gmt":"2022-05-04T17:25:27","slug":"gradus-cuvee-2009","status":"publish","type":"product","link":"https:\/\/sebestyen-szekszard.hu\/proba2\/termek\/gradus-cuvee-2009\/","title":{"rendered":"Gr\u00e1dus Cuv\u00e9e"},"content":{"rendered":"","protected":false},"excerpt":{"rendered":"<p>A Gr\u00e1dus sz\u00f3 jelent\u00e9se l\u00e9pcs\u0151, fok, fokozat, m\u00e9rt\u00e9k. Mi ennek a fokozatoss\u00e1gnak a szellem\u00e9ben, a term\u0151helyeinket egyre jobban megismerve, igyeksz\u00fcnk a kiv\u00e1l\u00f3 \u00e9vj\u00e1ratokban, egyre jobb borokat k\u00e9sz\u00edteni. Ebben az \u00e9vj\u00e1ratban a Merlot \u00e9s Cabernet Franc mell\u00e9 Sagrantinot \u00e9s K\u00e9kfrankost csemp\u00e9szt\u00fcnk a m\u00e9g szebb sav\u00e9rzet \u00e9s a finomabb tannin szerkezet jegy\u00e9ben.<\/p>\n<div style=\"height: 1px; clear: both;\"><\/div>\n<p><a style=\"color: grey;\" href=\"https:\/\/sebestyen-szekszard.hu\/proba2\/wp-content\/uploads\/2017\/06\/Sebestye\u0301n_borlap_gra\u0301dus2016.pdf\" target=\"_blank\" rel=\"noopener noreferrer\"><em><u>PDF adatlap<\/u><\/em><\/a><\/p>\n","protected":false},"featured_media":948,"comment_status":"open","ping_status":"closed","template":"","meta":{"_et_pb_use_builder":"","_et_pb_old_content":"","_et_gb_content_width":""},"product_cat":[11],"product_tag":[],"_links":{"self":[{"href":"https:\/\/sebestyen-szekszard.hu\/proba2\/wp-json\/wp\/v2\/product\/289"}],"collection":[{"href":"https:\/\/sebestyen-szekszard.hu\/proba2\/wp-json\/wp\/v2\/product"}],"about":[{"href":"https:\/\/sebestyen-szekszard.hu\/proba2\/wp-json\/wp\/v2\/types\/product"}],"replies":[{"embeddable":true,"href":"https:\/\/sebestyen-szekszard.hu\/proba2\/wp-json\/wp\/v2\/comments?post=289"}],"wp:featuredmedia":[{"embeddable":true,"href":"https:\/\/sebestyen-szekszard.hu\/proba2\/wp-json\/wp\/v2\/media\/948"}],"wp:attachment":[{"href":"https:\/\/sebestyen-szekszard.hu\/proba2\/wp-json\/wp\/v2\/media?parent=289"}],"wp:term":[{"taxonomy":"product_cat","embeddable":true,"href":"https:\/\/sebestyen-szekszard.hu\/proba2\/wp-json\/wp\/v2\/product_cat?post=289"},{"taxonomy":"product_tag","embeddable":true,"href":"https:\/\/sebestyen-szekszard.hu\/proba2\/wp-json\/wp\/v2\/product_tag?post=289"}],"curies":[{"name":"wp","href":"https:\/\/api.w.org\/{rel}","templated":true}]}}