{"id":286,"date":"2016-09-13T14:50:46","date_gmt":"2016-09-13T14:50:46","guid":{"rendered":"https:\/\/sebestyen-szekszard.hu\/proba2\/?post_type=product&#038;p=286"},"modified":"2022-05-04T17:24:57","modified_gmt":"2022-05-04T17:24:57","slug":"286","status":"publish","type":"product","link":"https:\/\/sebestyen-szekszard.hu\/proba2\/termek\/286\/","title":{"rendered":"N\u00e1nai K\u00e9kfrankos"},"content":{"rendered":"","protected":false},"excerpt":{"rendered":"<p>A N\u00e1nai k\u00e9kfrankos v\u00e1logat\u00e1sunknak a megsz\u00fclet\u00e9se legink\u00e1bb a H\u00fagomhoz k\u00f6thet\u0151. \u0150 volt aki r\u00e1lelt a frankosnak erre a kicsit n\u0151iesebb arc\u00e1ra a boraink k\u00f6z\u00f6tt. T\u0151le f\u00fcgg, melyik hord\u00f3 ker\u00fcl bele a v\u00e9gs\u0151 h\u00e1zas\u00edt\u00e1sba, melyik marad ki. A kedvenc Sebesty\u00e9n-borom, mondja sokszor. Az \u0150 bora, mondom \u00e9n.<\/p>\n<div style=\"height: 20px; clear: both;\"><\/div>\n<p><a style=\"color: grey;\" href=\"https:\/\/sebestyen-szekszard.hu\/proba2\/wp-content\/uploads\/2017\/06\/Sebestye\u0301n_borlap_Na\u0301nai_2019.pdf\" target=\"_blank\" rel=\"noopener noreferrer\"><em><u>PDF adatlap<\/u><\/em><\/a><\/p>\n","protected":false},"featured_media":913,"comment_status":"open","ping_status":"closed","template":"","meta":{"_et_pb_use_builder":"","_et_pb_old_content":"","_et_gb_content_width":""},"product_cat":[11],"product_tag":[],"_links":{"self":[{"href":"https:\/\/sebestyen-szekszard.hu\/proba2\/wp-json\/wp\/v2\/product\/286"}],"collection":[{"href":"https:\/\/sebestyen-szekszard.hu\/proba2\/wp-json\/wp\/v2\/product"}],"about":[{"href":"https:\/\/sebestyen-szekszard.hu\/proba2\/wp-json\/wp\/v2\/types\/product"}],"replies":[{"embeddable":true,"href":"https:\/\/sebestyen-szekszard.hu\/proba2\/wp-json\/wp\/v2\/comments?post=286"}],"wp:featuredmedia":[{"embeddable":true,"href":"https:\/\/sebestyen-szekszard.hu\/proba2\/wp-json\/wp\/v2\/media\/913"}],"wp:attachment":[{"href":"https:\/\/sebestyen-szekszard.hu\/proba2\/wp-json\/wp\/v2\/media?parent=286"}],"wp:term":[{"taxonomy":"product_cat","embeddable":true,"href":"https:\/\/sebestyen-szekszard.hu\/proba2\/wp-json\/wp\/v2\/product_cat?post=286"},{"taxonomy":"product_tag","embeddable":true,"href":"https:\/\/sebestyen-szekszard.hu\/proba2\/wp-json\/wp\/v2\/product_tag?post=286"}],"curies":[{"name":"wp","href":"https:\/\/api.w.org\/{rel}","templated":true}]}}