{"id":144,"date":"2016-09-11T12:20:16","date_gmt":"2016-09-11T12:20:16","guid":{"rendered":"https:\/\/sebestyen-szekszard.hu\/proba2\/?post_type=product&#038;p=144"},"modified":"2022-05-05T07:20:13","modified_gmt":"2022-05-05T07:20:13","slug":"ivan-volgyi-bikaver-2012","status":"publish","type":"product","link":"https:\/\/sebestyen-szekszard.hu\/proba2\/termek\/ivan-volgyi-bikaver-2012\/","title":{"rendered":"Iv\u00e1n Bikav\u00e9r"},"content":{"rendered":"","protected":false},"excerpt":{"rendered":"<p>\u00c9l\u00e9nk gr\u00e1n\u00e1t v\u00f6r\u00f6s sz\u00edn, intenz\u00edv gy\u00fcm\u00f6lcs\u00f6s \u00e9s f\u0171szeres jegyekkel. \u00cdzben nagyon gazdag, piros bogy\u00f3s gy\u00fcm\u00f6lcs\u00f6k kavalk\u00e1dja f\u0171szerezve. Kerek, selymes text\u00far\u00e1val, hossz\u00fa lecseng\u00e9ssel. Nagyon eleg\u00e1ns bor, Iv\u00e1n v\u00f6lgyi ter\u00fcleteink gazdags\u00e1g\u00e1t \u00e9s soksz\u00edn\u0171s\u00e9g\u00e9t mutatja.<\/p>\n<div style=\"height: 15px;\"><\/div>\n<p><a style=\"color: grey;\" href=\"https:\/\/sebestyen-szekszard.hu\/proba2\/wp-content\/uploads\/2017\/06\/iva\u0301n_2018_adatlap_hun.pdf\" target=\"_blank\" rel=\"noopener noreferrer\"><em><u>PDF adatlap<\/u><\/em><\/a><\/p>\n","protected":false},"featured_media":1071,"comment_status":"closed","ping_status":"closed","template":"","meta":{"_et_pb_use_builder":"","_et_pb_old_content":"","_et_gb_content_width":""},"product_cat":[11],"product_tag":[],"_links":{"self":[{"href":"https:\/\/sebestyen-szekszard.hu\/proba2\/wp-json\/wp\/v2\/product\/144"}],"collection":[{"href":"https:\/\/sebestyen-szekszard.hu\/proba2\/wp-json\/wp\/v2\/product"}],"about":[{"href":"https:\/\/sebestyen-szekszard.hu\/proba2\/wp-json\/wp\/v2\/types\/product"}],"replies":[{"embeddable":true,"href":"https:\/\/sebestyen-szekszard.hu\/proba2\/wp-json\/wp\/v2\/comments?post=144"}],"wp:featuredmedia":[{"embeddable":true,"href":"https:\/\/sebestyen-szekszard.hu\/proba2\/wp-json\/wp\/v2\/media\/1071"}],"wp:attachment":[{"href":"https:\/\/sebestyen-szekszard.hu\/proba2\/wp-json\/wp\/v2\/media?parent=144"}],"wp:term":[{"taxonomy":"product_cat","embeddable":true,"href":"https:\/\/sebestyen-szekszard.hu\/proba2\/wp-json\/wp\/v2\/product_cat?post=144"},{"taxonomy":"product_tag","embeddable":true,"href":"https:\/\/sebestyen-szekszard.hu\/proba2\/wp-json\/wp\/v2\/product_tag?post=144"}],"curies":[{"name":"wp","href":"https:\/\/api.w.org\/{rel}","templated":true}]}}