{"id":100,"date":"2016-09-16T15:54:23","date_gmt":"2016-09-16T15:54:23","guid":{"rendered":"https:\/\/sebestyen-szekszard.hu\/proba2\/?post_type=product&#038;p=100"},"modified":"2022-05-04T17:26:38","modified_gmt":"2022-05-04T17:26:38","slug":"gorogszoi-merlot-2012","status":"publish","type":"product","link":"https:\/\/sebestyen-szekszard.hu\/proba2\/termek\/gorogszoi-merlot-2012\/","title":{"rendered":"G\u00f6r\u00f6gsz\u00f3i Merlot"},"content":{"rendered":"","protected":false},"excerpt":{"rendered":"<p>K\u00eds\u00e9rletez\u0151 kedv\u00fcnk \u00e9s k\u00edv\u00e1ncsis\u00e1gunk eredm\u00e9nye ez a bor. A G\u00f6r\u00f6gsz\u00f3i minden \u00e9vben egyedi st\u00edlus\u00e1val \u00f6rvendezteti meg k\u00f3stol\u00f3j\u00e1t.<\/p>\n<div style=\"height: 60px;\"><\/div>\n<p><a style=\"color: grey;\" href=\"https:\/\/sebestyen-szekszard.hu\/proba2\/wp-content\/uploads\/2016\/09\/Sebestye\u0301n_borlap_go\u0308ro\u0308g_merlot_2017hu.pdf\" target=\"_blank\" rel=\"noopener noreferrer\"><em><u>PDF adatlap<\/u><\/em><\/a><\/p>\n","protected":false},"featured_media":733,"comment_status":"open","ping_status":"closed","template":"","meta":{"_et_pb_use_builder":"","_et_pb_old_content":"","_et_gb_content_width":""},"product_cat":[11],"product_tag":[],"_links":{"self":[{"href":"https:\/\/sebestyen-szekszard.hu\/proba2\/wp-json\/wp\/v2\/product\/100"}],"collection":[{"href":"https:\/\/sebestyen-szekszard.hu\/proba2\/wp-json\/wp\/v2\/product"}],"about":[{"href":"https:\/\/sebestyen-szekszard.hu\/proba2\/wp-json\/wp\/v2\/types\/product"}],"replies":[{"embeddable":true,"href":"https:\/\/sebestyen-szekszard.hu\/proba2\/wp-json\/wp\/v2\/comments?post=100"}],"wp:featuredmedia":[{"embeddable":true,"href":"https:\/\/sebestyen-szekszard.hu\/proba2\/wp-json\/wp\/v2\/media\/733"}],"wp:attachment":[{"href":"https:\/\/sebestyen-szekszard.hu\/proba2\/wp-json\/wp\/v2\/media?parent=100"}],"wp:term":[{"taxonomy":"product_cat","embeddable":true,"href":"https:\/\/sebestyen-szekszard.hu\/proba2\/wp-json\/wp\/v2\/product_cat?post=100"},{"taxonomy":"product_tag","embeddable":true,"href":"https:\/\/sebestyen-szekszard.hu\/proba2\/wp-json\/wp\/v2\/product_tag?post=100"}],"curies":[{"name":"wp","href":"https:\/\/api.w.org\/{rel}","templated":true}]}}